{"id":61,"date":"2011-05-04T19:28:11","date_gmt":"2011-05-04T22:28:11","guid":{"rendered":"http:\/\/www.amuncode.org\/?page_id=61"},"modified":"2026-01-04T18:22:19","modified_gmt":"2026-01-04T21:22:19","slug":"publications","status":"publish","type":"page","link":"https:\/\/blog.amuncode.org\/?page_id=61","title":{"rendered":"Publications"},"content":{"rendered":"<p>The list of refereed publications which present results obtained with the use of GODUNOV or AMUN codes in the year\u00a0<a href=\"#2025\">2025<\/a>, <a href=\"#2025\">2024<\/a>, <a href=\"#2022\">2022<\/a>, <a href=\"#2021\">2021<\/a>, <a href=\"#2020\">2020<\/a>, <a href=\"#2019\">2019<\/a>, <a href=\"#2018\">2018<\/a>, <a href=\"#2017\">2017<\/a>,\u00a0<a href=\"#2016\">2016<\/a>,\u00a0<a href=\"#2015\">2015<\/a>,\u00a0<a href=\"#2014\">2014<\/a>,\u00a0<a href=\"#2013\">2013<\/a>, <a href=\"#2012\">2012<\/a>, <a href=\"#2011\">2011<\/a>, <a href=\"#2010\">2010<\/a>, <a href=\"#2009\">2009<\/a>.<\/p>\n<div id=\"2021\">\n<div id=\"2021\"><\/div>\n<h3 style=\"text-align: center;\">2025<\/h3>\n<ul>\n<li>Vicentin G. H., Kowal G., Dal Pino E. M. de G., &amp; Lazarian A., <em>Investigating Turbulence Effects on Magnetic Reconnection Rates through 3D Resistive Magnetohydrodynamic Simulations<\/em>, <span style=\"text-decoration: underline;\">The Astrophysical Journal<\/span>, <strong>2025<\/strong>, Volume 987, Issue 2, id.213, 18 pages (<a href=\"https:\/\/ui.adsabs.harvard.edu\/abs\/2025ApJ...987..213V\">ADS<\/a>, <a href=\"https:\/\/www.doi.org\/10.3847\/1538-4357\/addc62\">DOI)<\/a>.<\/li>\n<\/ul>\n<\/div>\n<div id=\"2021\">\n<div id=\"2021\"><\/div>\n<h3 style=\"text-align: center;\">2024<\/h3>\n<ul>\n<li>Vicentin G. H., Kowal G., Dal Pino E. M. de G., &amp; Lazarian A., <em>Investigating Turbulence Effects on Magnetic Reconnection Rates through 3D Resistive Magnetohydrodynamic Simulations<\/em>, <span style=\"text-decoration: underline;\">The Astrophysical Journal<\/span>, <strong>2025<\/strong>, Volume 987, Issue 2, id.213, 18 pages (<a href=\"https:\/\/ui.adsabs.harvard.edu\/abs\/2025ApJ...987..213V\">ADS<\/a>, <a href=\"https:\/\/www.doi.org\/10.3847\/1538-4357\/addc62\">DOI)<\/a>.<\/li>\n<\/ul>\n<\/div>\n<p>&nbsp;<\/p>\n<h3 style=\"text-align: center;\">2022<\/h3>\n<ul>\n<li>Nativi, L., Lamb, G. P., Rosswog, S., Lundman, C., &amp; Kowal, G., <em>Are interactions with neutron star merger winds shaping the jets?<\/em>, <span style=\"color: #000000;\">Monthly Notices of the Royal Astronomical Society<\/span>, <strong>2022<\/strong>, Volume 509, Issue 1, pp.903-913 (<a href=\"https:\/\/scixplorer.org\/abs\/2022MNRAS.509..903N\">ADS<\/a>, <a href=\"https:\/\/doi.org\/10.1093\/mnras\/stab2982\">DOI<\/a>)<\/li>\n<\/ul>\n<h3 style=\"text-align: center;\">2021<\/h3>\n<ul>\n<li>Kowal, G. &amp; Falceta-Gon\u00e7alves, D. A., <em>Colliding-Wind Binaries as a Source of TeV Cosmic Rays<\/em>, Frontiers in Astronomy and Space Sciences, <strong>2021<\/strong>, Volume 8, id.75 (<a href=\"https:\/\/scixplorer.org\/abs\/2021FrASS...8...75K\">ADS<\/a>, <a href=\"https:\/\/doi.org\/10.3389\/fspas.2021.667805\">DOI<\/a>)<\/li>\n<li>Nowak, N., Kowal, G. &amp; Falceta-Gon\u00e7alves, D. A., <em>Generation and effects of electromotive force in turbulent stochastic reconnection<\/em>, Physics of Plasmas, <strong>2021<\/strong>, Volume 28, Issue 6, article id.062310 (<a href=\"https:\/\/scixplorer.org\/abs\/2021PhPl...28f2310N\">ADS<\/a>, <a href=\"https:\/\/doi.org\/10.1063\/5.0045696\">DOI<\/a>)<\/li>\n<li>Medina-Torrej\u00f3n, T. E.; de Gouveia Dal Pino, E. M.; Kadowaki, L. H. S.; Kowal, G.; Singh, C. B.; Mizuno, Y., <em>Particle Acceleration by Relativistic Magnetic Reconnection Driven by Kink Instability Turbulence in Poynting Flux-Dominated Jets<\/em>, <span style=\"text-decoration: underline;\">The Astrophysical Journal<\/span>, <strong>2021<\/strong>, Volume 908, Issue 2, Id. 193, 19 pages (<a href=\"https:\/\/ui.adsabs.harvard.edu\/abs\/2021ApJ...908..193M\">ADS<\/a>, <a href=\"https:\/\/doi.org\/10.3847\/1538-4357\/abd6c2\">DOI<\/a>)<\/li>\n<li>Nativi, L.; Bulla, M.; Rosswog, S.; Lundman, C.; Kowal, G.; Gizzi, D.; Lamb, G. P.; Perego, A., <em>Can jets make the radioactively powered emission from neutron star mergers bluer?<\/em>, <span style=\"text-decoration: underline;\">Monthly Notices of the Royal Astronomical Society<\/span>, <strong>2021<\/strong>, Volume 500, Issue 2, Pages 1772-1783 (<a href=\"https:\/\/ui.adsabs.harvard.edu\/abs\/2021MNRAS.500.1772N\">ADS<\/a>, <a href=\"https:\/\/doi.org\/10.1093\/mnras\/staa3337\">DOI<\/a>)<\/li>\n<\/ul>\n<div id=\"2020\"><\/div>\n<h3 style=\"text-align: center;\">2020<\/h3>\n<ul>\n<li>Lazarian, A.; Eyink, G. L.; Jafari, A.; Kowal, G.; Li, H.; Xu, S.; Vishniac, E. T., <em>3D turbulent reconnection: Theory, tests, and astrophysical implications<\/em>, <span style=\"text-decoration: underline;\">Physics of Plasmas<\/span>, <strong>2020<\/strong>, Volume 27, Issue 1, Id. 012305 (<a href=\"https:\/\/ui.adsabs.harvard.edu\/abs\/2020PhPl...27a2305L\">ADS<\/a>, <a href=\"https:\/\/doi.org\/10.1063\/1.5110603\">DOI<\/a>)<\/li>\n<li>Kowal, G.; Falceta-Gon\u00e7alves, D. A.; Lazarian, A.; Vishniac, E. T., <em>Kelvin-Helmholtz versus Tearing Instability: What Drives Turbulence in Stochastic Reconnection?<\/em>, <span style=\"text-decoration: underline;\">The Astrophysical Journal<\/span>, <strong>2020<\/strong>, Volume 892, Issue 1, Id. 50, 15 pages (<a href=\"https:\/\/ui.adsabs.harvard.edu\/abs\/2020ApJ...892...50K\">ADS<\/a>, <a href=\"https:\/\/doi.org\/10.3847\/1538-4357\/ab7a13\">DOI<\/a>)<\/li>\n<\/ul>\n<div id=\"2019\"><\/div>\n<h3 style=\"text-align: center;\">2018<\/h3>\n<ul>\n<li>Jafari, A.; Vishniac, E. T.; Kowal, G.; Lazarian, A., <em>Stochastic Reconnection for Large Magnetic Prandtl Numbers<\/em>, <span style=\"text-decoration: underline;\">The Astrophysical Journal<\/span>, <strong>2018<\/strong>, Volume 860, Issue 1, Id. 52, 9 pages (<a href=\"https:\/\/ui.adsabs.harvard.edu\/abs\/2018ApJ...860...52J\">ADS<\/a>, <a href=\"https:\/\/doi.org\/10.3847\/1538-4357\/aac517\">DOI<\/a>)<\/li>\n<\/ul>\n<div id=\"2017\"><\/div>\n<h3 style=\"text-align: center;\">2017<\/h3>\n<ul>\n<li>Kowal, G.; Falceta-Gon\u00e7alves, D. A.; Lazarian, A.; Vishniac, E. T.<em>Statistics of Reconnection-driven Turbulence<\/em>, <span style=\"text-decoration: underline;\">The Astrophysical Journal<\/span>, <strong>2017<\/strong>, Volume 838, Issue 2, Id. 91, 13 pages (<a href=\"https:\/\/ui.adsabs.harvard.edu\/abs\/2017ApJ...838...91K\">ADS<\/a>, <a href=\"https:\/\/doi.org\/10.3847\/1538-4357\/aa6001\">DOI<\/a>)<\/li>\n<li>Santos-Lima, R.; de Gouveia Dal Pino, E. M.; Falceta-Gon\u00e7alves, D. A.; Nakwacki, M. S.; Kowal, G., <em>Features of collisionless turbulence in the intracluster medium from simulated Faraday rotation maps \u2013 II. The effects of instabilities feedback<\/em>, <span style=\"text-decoration: underline;\">Monthly Notices of the Royal Astronomical Society<\/span>, <strong>2017<\/strong>, Volume 465, Issue 4, Pages 4866-4871 (<a href=\"http:\/\/adsabs.harvard.edu\/abs\/2017MNRAS.465.4866S\">ADS<\/a>, <a href=\"https:\/\/doi.org\/10.1093\/mnras\/stw3050\">DOI<\/a>)<\/li>\n<\/ul>\n<div id=\"2016\"><\/div>\n<h3 style=\"text-align: center;\">2016<\/h3>\n<ul>\n<li>Del Valle, M. V.; de Gouveia Dal Pino, E. M.; Kowal, G., <em>Properties of the first-order Fermi acceleration in fast magnetic reconnection driven by turbulence in collisional magnetohydrodynamical flows<\/em>, <span style=\"text-decoration: underline;\">Monthly Notices of the Royal Astronomical Society<\/span>, <strong>2016<\/strong>, Volume 463, Issue 4, Pages 4331-4343 (<a href=\"http:\/\/adsabs.harvard.edu\/abs\/2016MNRAS.463.4331D\">ADS<\/a>)<\/li>\n<li>Nakwacki, M. S.; Kowal, G.; Santos-Lima, R.; de Gouveia Dal Pino, E. M.; Falceta-Gon\u00e7alves, D. A., <em>Features of collisionless turbulence in the intracluster medium from simulated Faraday Rotation maps<\/em>, <span style=\"text-decoration: underline;\">Monthly Notices of the Royal Astronomical Society<\/span>, <strong>2016<\/strong>, Volume 455, Issue 4, Pages 3702-3723 (<a href=\"http:\/\/adsabs.harvard.edu\/abs\/2016MNRAS.455.3702N\">ADS<\/a>)<\/li>\n<li>Lazarian, A.; Kowal, G.; Takamoto, M.; de Gouveia Dal Pino, E. M.; Cho, J, <em>Theory and Applications of Non-relativistic and Relativistic Turbulent Reconnection<\/em>, Magnetic Reconnection, <span style=\"text-decoration: underline;\">Astrophysics and Space Science Library<\/span>, <strong>2016<\/strong>, Volume 427, Page 409 (<a href=\"http:\/\/adsabs.harvard.edu\/abs\/2016ASSL..427..409L\">ADS<\/a>)<\/li>\n<\/ul>\n<div id=\"2015\"><\/div>\n<h3 style=\"text-align: center;\">2015<\/h3>\n<ul>\n<li>Falceta-Gon\u00e7alves, D. A.; Kowal, G., <em>Fast Magnetic Field Amplification in the Early Universe: Growth of Collisionless Plasma Instabilities in Turbulent Media<\/em>, <span style=\"text-decoration: underline;\">The Astrophysical Journal<\/span>, <strong>2015<\/strong>, Volume 808, Issue 1, Article 65 (<a href=\"http:\/\/adsabs.harvard.edu\/abs\/2015ApJ...808...65F\">ADS<\/a>)<\/li>\n<li>Falceta-Gon\u00e7alves, D.; Bonnell, I.; Kowal, G.; L\u00e9pine, J. R. D.; Braga, C. A. S., <em>The onset of large-scale turbulence in the interstellar medium of spiral galaxies<\/em>, <span style=\"text-decoration: underline;\">Monthly Notices of the Royal Astronomical Society<\/span>, <strong>2015<\/strong>, Volume 446, Issue 1, Pages 973-989 (<a href=\"http:\/\/adsabs.harvard.edu\/abs\/2015MNRAS.446..973F\">ADS<\/a>)<\/li>\n<li>Rocha da Silva, G.; Falceta-Gon\u00e7alves, D.; Kowal, G.; de Gouveia Dal Pino, E. M., <em>Ambient magnetic field amplification in shock fronts of relativistic jets: an application to GRB afterglows<\/em>, <span style=\"text-decoration: underline;\">Monthly Notices of the Royal Astronomical Society<\/span>, <strong>2015<\/strong>, Volume 446, Issue 1, Pages 104-119 (<a href=\"http:\/\/adsabs.harvard.edu\/abs\/2015MNRAS.446..104D\">ADS<\/a>)<\/li>\n<li>de Gouveia Dal Pino, E. M.; Kowal, G., <em>Particle Acceleration by Magnetic Reconnection<\/em>, Magnetic Fields in Diffuse Media, <span style=\"text-decoration: underline;\">Astrophysics and Space Science Library<\/span>, <strong>2015<\/strong>, Volume 407, Page 373 (<a href=\"http:\/\/adsabs.harvard.edu\/abs\/2015ASSL..407..373D\">ADS<\/a>)<\/li>\n<li>Lazarian, A.; Eyink, G. L.; Vishniac, E. T.; Kowal, G., <em>Magnetic Reconnection in Astrophysical Environments<\/em>, Magnetic Fields in Diffuse Media, <span style=\"text-decoration: underline;\">Astrophysics and Space Science Library<\/span>, <strong>2015<\/strong>, Volume 407, Page 311 (<a href=\"http:\/\/adsabs.harvard.edu\/abs\/2015ASSL..407..311L\">ADS<\/a>)<\/li>\n<\/ul>\n<div id=\"2014\"><\/div>\n<h3 style=\"text-align: center;\">2014<\/h3>\n<ul>\n<li>Falceta-Gon\u00e7alves, D.; Kowal, G.; Falgarone, E.; Chian, A. C.-L., <em>Turbulence in the interstellar medium<\/em>, <span style=\"text-decoration: underline;\">Nonlinear Processes in Geophysics<\/span>, <strong>2014<\/strong>, Volume 21, Issue 3, Pages 587-604 (<a href=\"http:\/\/adsabs.harvard.edu\/abs\/2014NPGeo..21..587F\">ADS<\/a>)<\/li>\n<li>Correia, C.; Burkhart, B.; Lazarian, A.; Ossenkopf, V.; Stutzki, J.; Kainulainen, J.; Kowal, G.; de Medeiros, J. R., <em>Opacity Broadening of 13CO Linewidths and its Effect on the Variance-Sonic Mach Number Relation<\/em>, <span style=\"text-decoration: underline;\">The Astrophysical Journal Letters<\/span>, <strong>2014<\/strong>, Volume 785, Issue 1, Article L1 (<a href=\"http:\/\/adsabs.harvard.edu\/abs\/2014ApJ...785L...1C\">ADS<\/a>)<\/li>\n<li>Santos-Lima, R.; de Gouveia Dal Pino, E. M.; Kowal, G.; Falceta-Gon\u00e7alves, D.; Lazarian, A.; Nakwacki, M. S., <em>Magnetic Field Amplification and Evolution in Turbulent Collisionless Magnetohydrodynamics: An Application to the Intracluster Medium<\/em>, <span style=\"text-decoration: underline;\">The Astrophysical Journal<\/span>, <strong>2014<\/strong>, Volume 781, Issue 2, Article 84 (<a href=\"http:\/\/adsabs.harvard.edu\/abs\/2014ApJ...781...84S\">ADS<\/a>)<\/li>\n<\/ul>\n<div id=\"2013\"><\/div>\n<h3 style=\"text-align: center;\">2013<\/h3>\n<ul>\n<li>Poidevin, F.; Falceta-Gon\u00e7alves, D. A.; Kowal, G.; de Gouveia Dal Pino, E. M.; Magalh\u00e3es, M. A., <em>Magnetic Field Components Analysis of the SCUPOL 850 \u03bcm Polarization Data Catalog<\/em>, <span style=\"text-decoration: underline;\">The Astrophysical Journal<\/span>, <strong>2013<\/strong>, Volume 777, Issue 2, Article 112 (<a href=\"http:\/\/adsabs.harvard.edu\/abs\/2013ApJ...777..112P\">ADS<\/a>)<\/li>\n<\/ul>\n<div id=\"2012\"><\/div>\n<h3 style=\"text-align: center;\">2012<\/h3>\n<ul>\n<li>Lazarian, A.; Vlahos, L.; Kowal, G.; Yan, H.; Beresnyak, A.; de Gouveia Dal Pino, E. M., <em>Turbulence, Magnetic Reconnection in Turbulent Fluids and Energetic Particle Acceleration<\/em>, <span style=\"text-decoration: underline;\">Space Science Reviews<\/span>, <strong>2012<\/strong>, Volume 173, Issue 1-4, Pages 557-622 (<a href=\"http:\/\/adsabs.harvard.edu\/abs\/2012SSRv..173..557L\">ADS<\/a>)<\/li>\n<li>Vishniac, E. T.; Pillsworth, S.; Eyink, G.; Kowal, G.; Lazarian, A.; Murray, S., <em>Reconnection current sheet structure in a turbulent medium<\/em>, <span style=\"text-decoration: underline;\">Nonlinear Processes in Geophysics<\/span>, <strong>2012<\/strong>, Volume 19, Issue 6, Pages 605-610 (<a href=\"http:\/\/adsabs.harvard.edu\/abs\/2012NPGeo..19..605V\">ADS<\/a>)<\/li>\n<li>Kowal, G., Lazarian, A., Vishniac, E. T., and Otmianowska-Mazur, K., <em>Reconnection studies under different types of turbulence driving<\/em>, <span style=\"text-decoration: underline;\">Nonlinear Processes in Geophysics<\/span>, <strong>2012<\/strong>, Volume 19, Issue 2, Pages 297-314 (<a href=\"http:\/\/adsabs.harvard.edu\/abs\/2012NPGeo..19..297K\">ADS<\/a>)<\/li>\n<li>Santos-Lima, R., de Gouveia Dal Pino, E. M., and Lazarian, A., <em>The Role of Turbulent Magnetic Reconnection in the Formation of Rotationally Supported Protostellar Disks<\/em>, <span style=\"text-decoration: underline;\">The Astrophysical Journal<\/span>, <strong>2012<\/strong>, Volume 747, Issue 1, Article 21 (<a href=\"http:\/\/adsabs.harvard.edu\/abs\/2012ApJ...747...21S\">ADS<\/a>)<\/li>\n<li>Kowal, G., de Gouveia Dal Pino, E. M., and Lazarian, A., <em>Particle Acceleration in Turbulence and Weakly Stochastic Reconnection<\/em>, <span style=\"text-decoration: underline;\">Physical Review Letters<\/span>, <strong>2012<\/strong>, Volume 108, Issue 24, Article 241102, (<a href=\"http:\/\/adsabs.harvard.edu\/abs\/2012PhRvL.108x1102K\">ADS<\/a>)<\/li>\n<li>de Gouveia Dal Pino, E. M., Le\u00e3o, M. R. M., Santos-Lima, R., Guerrero, G., Kowal, G., Lazarian, A., <em>Magnetic flux transport by turbulent reconnection in astrophysical flows<\/em>, <span style=\"text-decoration: underline;\">Physica Scripta<\/span>, <strong>2012<\/strong>, Volume 86, Issue 1, Page 018401 (<a href=\"http:\/\/adsabs.harvard.edu\/abs\/2012PhyS...86a8401D\">ADS<\/a>)<\/li>\n<li>Falceta-Gon\u00e7alves, D. and Abraham, Z., <em>MHD numerical simulations of colliding winds in massive binary systems &#8211; I. Thermal versus non-thermal radio emission<\/em>, <span style=\"text-decoration: underline;\">Monthly Notices of the Royal Astronomical Society<\/span>, <strong>2012<\/strong>, Volume 423, Issue 2, Pages 1562-1570 (<a href=\"http:\/\/adsabs.harvard.edu\/abs\/2012MNRAS.423.1562F\">ADS<\/a>)<\/li>\n<\/ul>\n<div id=\"2011\"><\/div>\n<h3 style=\"text-align: center;\">2011<\/h3>\n<ul>\n<li>Kowal, G., Falceta-Gon\u00e7alves, D. A., and Lazarian, A., <em>Turbulence in collisionless plasmas: statistical analysis from numerical simulations with pressure anisotropy<\/em>, <span style=\"text-decoration: underline;\">New Journal of Physics<\/span>, <strong>2011<\/strong>, Volume 13, Issue 5, Pages 053001 (<a href=\"http:\/\/adsabs.harvard.edu\/abs\/2011NJPh...13e3001K\">ADS<\/a>)<\/li>\n<li>Lazarian, A., Kowal, G., Vishniac, E. T., and de Gouveia Dal Pino, E. M., <em>Fast magnetic reconnection and energetic particle acceleration<\/em>, <span style=\"text-decoration: underline;\">Planetary and Space Science<\/span>, <strong>2011<\/strong>, Volume 59, Issue 7, Pages 537-546 (<a href=\"http:\/\/adsabs.harvard.edu\/abs\/2011P%26SS...59..537L\">ADS<\/a>)<\/li>\n<li>Kulpa-Dybe\u0142, K., Otmianowska-Mazur, K., Kulesza-\u017bydzik, B., Hanasz, M., Kowal, G., W\u00f3lta\u0144ski, D., and Kowalik, K., <em>Global Simulations of the Magnetic Field Evolution in Barred Galaxies Under the Influence of the Cosmic-ray-driven Dynamo<\/em>, <span style=\"text-decoration: underline;\">The Astrophysical Journal Letters<\/span>, <strong>2011<\/strong>, Volume 733, Issue 2, Article L18 (<a href=\"http:\/\/adsabs.harvard.edu\/abs\/2011ApJ...733L..18K\">ADS<\/a>)<\/li>\n<li>Falceta-Gon\u00e7alves, D. and Lazarian, A., <em>Evolution and Lifetime of Transient Clumps in the Turbulent Interstellar Medium<\/em>, <span style=\"text-decoration: underline;\">The Astrophysical Journal<\/span>, <strong>2011<\/strong>,Volume 735, Issue 2, Page 99 (<a href=\"http:\/\/adsabs.harvard.edu\/abs\/2011ApJ...735...99F\">ADS<\/a>)<\/li>\n<li>Kowal, G., de Gouveia Dal Pino, E. M., and Lazarian, A., <em>Magnetohydrodynamic Simulations of Reconnection and Particle Acceleration: Three-dimensional Effects<\/em>, <span style=\"text-decoration: underline;\">The Astrophysical Journal<\/span>, <strong>2011<\/strong>, Volume 735, Issue 2, Article 102 (<a href=\"http:\/\/adsabs.harvard.edu\/abs\/2011ApJ...735..102K\">ADS<\/a>)<\/li>\n<li>Monteiro, H., Falceta-Gon\u00e7alves, D., <em>Three-dimensional Photoionization Structure and Distances of Planetary Nebulae. IV. NGC 40<\/em>, <span style=\"text-decoration: underline;\">The Astrophysical Journal<\/span>, <strong>2011<\/strong>, Volume 738, Issue 2, pp 174, (<a href=\"http:\/\/adsabs.harvard.edu\/abs\/2011ApJ...738..174M\">ADS<\/a>)<\/li>\n<\/ul>\n<div id=\"2010\"><\/div>\n<h3 style=\"text-align: center;\">2010<\/h3>\n<ul>\n<li>Falceta-Gon\u00e7alves, D., de Gouveia Dal Pino, E. M., Gallagher, J. S., and Lazarian, A., <em>Turbulence and the Formation of Filaments, Loops, and Shock Fronts in NGC 1275<\/em>, <span style=\"text-decoration: underline;\">The Astrophysical Journal Letters<\/span>, <strong>2010<\/strong>, Volume 708, Issue 1, Pages L57-L60 (<a href=\"http:\/\/adsabs.harvard.edu\/abs\/2010ApJ...708L..57F\">ADS<\/a>)<\/li>\n<li>Falceta-Gon\u00e7alves, D., Lazarian, A., and Houde, M., <em>Damping of Magnetohydrodynamic Turbulence in Partially Ionized Gas and the Observed Difference of Velocities of Neutrals and Ions<\/em>, <span style=\"text-decoration: underline;\">The Astrophysical Journal<\/span>, <strong>2010<\/strong>, Volume 713, Issue 2, Pages 1376-1385 (<a href=\"http:\/\/adsabs.harvard.edu\/abs\/2010ApJ...713.1376F\">ADS<\/a>)<\/li>\n<li>Falceta-Gon\u00e7alves, D., Caproni, A., Abraham, Z., Teixeira, D. M., de Gouveia Dal Pino, E. M., <em>Precessing Jets and X-ray Bubbles from NGC 1275 (3C 84) in the Perseus Galaxy Cluster: A View from Three-dimensional Numerical Simulations<\/em>, <span style=\"text-decoration: underline;\">The Astrophysical Journal Letters<\/span>, <strong>2010<\/strong>, Volume 713, Issue 1, Pages L74-L78, (<a href=\"http:\/\/adsabs.harvard.edu\/abs\/2010ApJ...713L..74F\">ADS<\/a>)<\/li>\n<li>Kulpa-Dybe\u0142, K., Kowal, G., Otmianowska-Mazur, K., Lazarian, A., and Vishniac, E. T., <em>Reconnection in weakly stochastic B-fields in 2D<\/em>, <span style=\"text-decoration: underline;\">Astronomy and Astrophysics<\/span>, <strong>2010<\/strong>, Volume 514, Article A26 (<a href=\"http:\/\/adsabs.harvard.edu\/abs\/2010A%26A...514A..26K\">ADS<\/a>)<\/li>\n<li>Kowal, G. and Lazarian, A., <em>Velocity Field of Compressible Magnetohydrodynamic Turbulence: Wavelet Decomposition and Mode Scalings<\/em>, <span style=\"text-decoration: underline;\">The Astrophysical Journal<\/span>, <strong>2010<\/strong>, 720, Issue 1, Pages 742-756 (<a href=\"http:\/\/adsabs.harvard.edu\/abs\/2010ApJ...720..742K\">ADS<\/a>)<\/li>\n<li>Santos-Lima, R., Lazarian, A., de Gouveia Dal Pino, E. M., and Cho, J., <em>Diffusion of Magnetic Field and Removal of Magnetic Flux from Clouds Via Turbulent Reconnection<\/em>, <span style=\"text-decoration: underline;\">The Astrophysical Journal<\/span>, <strong>2010<\/strong>, Volume 714, Issue 1, Pages 442-461 (<a href=\"http:\/\/adsabs.harvard.edu\/abs\/2010ApJ...714..442S\">ADS<\/a>)<\/li>\n<li>Kulesza-\u017bydzik, B., Kulpa-Dybe\u0142, K., Otmianowska-Mazur, K., Soida, M., and Urbanik, M., <em>3D MHD simulations of magnetic field evolution and radio polarization of barred galaxies<\/em>, <span style=\"text-decoration: underline;\">Astronomy and Astrophysics<\/span>, <strong>2010<\/strong>, Volume 522, Article A61 (<a href=\"http:\/\/adsabs.harvard.edu\/abs\/2010A%26A...522A..61K\">ADS<\/a>)<\/li>\n<\/ul>\n<div id=\"2009\"><\/div>\n<h3 style=\"text-align: center;\">2009<\/h3>\n<ul>\n<li>Le\u00e3o, M. R. M., de Gouveia Dal Pino, E. M., Falceta-Gon\u00e7alves, D., Melioli, C., and Geraissate, F. G., <em>Local star formation triggered by supernova shocks in magnetized diffuse neutral clouds<\/em>, <span style=\"text-decoration: underline;\">Monthly Notices of the Royal Astronomical Society<\/span>, <strong>2009<\/strong>, Volume 394, Issue 1, Pages 157-173 (<a href=\"http:\/\/adsabs.harvard.edu\/abs\/2009MNRAS.394..157L\">ADS<\/a>)<\/li>\n<li>Burkhart, B., Falceta-Gon\u00e7alves, D., Kowal, G., and Lazarian, A., <em>Density Studies of MHD Interstellar Turbulence: Statistical Moments, Correlations and Bispectrum<\/em>, <span style=\"text-decoration: underline;\">The Astrophysical Journal<\/span>, <strong>2009<\/strong>, Volume 693, Issue 1, Pages 250-266 (<a href=\"http:\/\/adsabs.harvard.edu\/abs\/2009ApJ...693..250B\">ADS<\/a>)<\/li>\n<li>Kowal, G., Lazarian, A., Vishniac, E. T., and Otmianowska-Mazur, K., <em>Numerical Tests of Fast Reconnection in Weakly Stochastic Magnetic Field<\/em>, <span style=\"text-decoration: underline;\">The Astrophysical Journal<\/span>, <strong>2009<\/strong>, Volume 700, Issue 1, Pages 63-85 (<a href=\"http:\/\/adsabs.harvard.edu\/abs\/2009ApJ...700...63K\">ADS<\/a>)<\/li>\n<li>Kulesza-\u017bydzik, B., Kulpa-Dybe\u0142, K., Otmianowska-Mazur, K., Kowal, G., and Soida, M., <em>Formation of gaseous arms in barred galaxies with dynamically important magnetic field: 3D MHD simulations<\/em>, <span style=\"text-decoration: underline;\">Astronomy and Astrophysics<\/span>, <strong>2009<\/strong>, Volume 498, Issue 2, Pages L21-L24 (<a href=\"http:\/\/adsabs.harvard.edu\/abs\/2009A%26A...498L..21K\">ADS<\/a>)<\/li>\n<\/ul>\n","protected":false},"excerpt":{"rendered":"<p>The list of refereed publications which present results obtained with the use of GODUNOV or AMUN codes in the year\u00a02025, 2024, 2022, 2021, 2020, 2019, 2018, 2017,\u00a02016,\u00a02015,\u00a02014,\u00a02013, 2012, 2011, 2010, 2009. 2025 Vicentin G. H., Kowal G., Dal Pino E. &hellip;<\/p>\n<p class=\"read-more\"><a href=\"https:\/\/blog.amuncode.org\/?page_id=61\">Read more &raquo;<\/a><\/p>\n","protected":false},"author":2,"featured_media":0,"parent":0,"menu_order":3,"comment_status":"closed","ping_status":"closed","template":"page-without-sidebar.php","meta":{"footnotes":""},"class_list":["post-61","page","type-page","status-publish","hentry"],"_links":{"self":[{"href":"https:\/\/blog.amuncode.org\/index.php?rest_route=\/wp\/v2\/pages\/61","targetHints":{"allow":["GET"]}}],"collection":[{"href":"https:\/\/blog.amuncode.org\/index.php?rest_route=\/wp\/v2\/pages"}],"about":[{"href":"https:\/\/blog.amuncode.org\/index.php?rest_route=\/wp\/v2\/types\/page"}],"author":[{"embeddable":true,"href":"https:\/\/blog.amuncode.org\/index.php?rest_route=\/wp\/v2\/users\/2"}],"replies":[{"embeddable":true,"href":"https:\/\/blog.amuncode.org\/index.php?rest_route=%2Fwp%2Fv2%2Fcomments&post=61"}],"version-history":[{"count":40,"href":"https:\/\/blog.amuncode.org\/index.php?rest_route=\/wp\/v2\/pages\/61\/revisions"}],"predecessor-version":[{"id":272,"href":"https:\/\/blog.amuncode.org\/index.php?rest_route=\/wp\/v2\/pages\/61\/revisions\/272"}],"wp:attachment":[{"href":"https:\/\/blog.amuncode.org\/index.php?rest_route=%2Fwp%2Fv2%2Fmedia&parent=61"}],"curies":[{"name":"wp","href":"https:\/\/api.w.org\/{rel}","templated":true}]}}